{"id":856,"date":"2020-09-22T15:44:45","date_gmt":"2020-09-22T15:44:45","guid":{"rendered":"https:\/\/pojdteven.cz\/?page_id=856"},"modified":"2022-04-01T08:02:51","modified_gmt":"2022-04-01T08:02:51","slug":"chci-vas-podporit","status":"publish","type":"page","link":"https:\/\/pojdteven.cz\/index.php\/chci-vas-podporit\/","title":{"rendered":"Chci v\u00e1s podpo\u0159it"},"content":{"rendered":"<p>[et_pb_section fb_built=&#8220;1&#8243; fullwidth=&#8220;on&#8220; _builder_version=&#8220;4.15&#8243; _module_preset=&#8220;default&#8220; global_colors_info=&#8220;{}&#8220;][et_pb_fullwidth_image src=&#8220;https:\/\/pojdteven.cz\/wp-content\/uploads\/2020\/07\/DSC_3363.-kopie-scaled.jpg&#8220; title_text=&#8220;DSC_3363. (kopie)&#8220; _builder_version=&#8220;4.15&#8243; _module_preset=&#8220;default&#8220; global_colors_info=&#8220;{}&#8220;][\/et_pb_fullwidth_image][\/et_pb_section][et_pb_section fb_built=&#8220;1&#8243; _builder_version=&#8220;4.15&#8243; _module_preset=&#8220;default&#8220; global_colors_info=&#8220;{}&#8220;][et_pb_row use_custom_gutter=&#8220;on&#8220; gutter_width=&#8220;1&#8243; make_equal=&#8220;on&#8220; padding_top_bottom_link_1=&#8220;true&#8220; padding_top_bottom_link_2=&#8220;true&#8220; admin_label=&#8220;Two CTA Row&#8220; module_id=&#8220;kontakt&#8220; module_class=&#8220; et_pb_row_fullwidth&#8220; _builder_version=&#8220;4.15&#8243; width=&#8220;100%&#8220; width_tablet=&#8220;100%&#8220; width_phone=&#8220;&#8220; width_last_edited=&#8220;on|desktop&#8220; max_width=&#8220;100%&#8220; max_width_tablet=&#8220;100%&#8220; max_width_phone=&#8220;&#8220; max_width_last_edited=&#8220;on|desktop&#8220; min_height=&#8220;606px&#8220; custom_margin=&#8220;-54px|auto||auto||&#8220; custom_padding=&#8220;0px|0px|0px|0px||&#8220; make_fullwidth=&#8220;on&#8220; locked=&#8220;off&#8220; global_colors_info=&#8220;{}&#8220;][et_pb_column type=&#8220;4_4&#8243; _builder_version=&#8220;4.5.1&#8243; use_background_color_gradient=&#8220;on&#8220; background_color_gradient_start=&#8220;rgba(255,255,255,0.97)&#8220; background_color_gradient_end=&#8220;rgba(255,255,255,0.95)&#8220; background_color_gradient_direction=&#8220;90deg&#8220; background_color_gradient_overlays_image=&#8220;on&#8220; background_enable_image=&#8220;off&#8220; custom_padding=&#8220;120px|80px|120px|10%&#8220; custom_padding_tablet=&#8220;|10%||10%||true&#8220; custom_padding_phone=&#8220;&#8220; custom_padding_last_edited=&#8220;on|tablet&#8220; global_colors_info=&#8220;{}&#8220; custom_padding__hover=&#8220;|||&#8220;][et_pb_cta title=&#8220;Chci v\u00e1s podpo\u0159it&#8220; button_url=&#8220;https:\/\/ahoj@pojd\u0165even.cz&#8220; _builder_version=&#8220;4.15&#8243; header_font=&#8220;|700|||||||&#8220; header_text_align=&#8220;left&#8220; header_font_size=&#8220;40px&#8220; header_line_height=&#8220;1.4em&#8220; body_font=&#8220;||||||||&#8220; body_font_size=&#8220;16px&#8220; body_line_height=&#8220;2em&#8220; background_color=&#8220;rgba(0,0,0,0)&#8220; custom_button=&#8220;on&#8220; button_text_size=&#8220;14px&#8220; button_text_color=&#8220;#ffffff&#8220; button_bg_image=&#8220;https:\/\/pojdteven.cz\/wp-content\/uploads\/2020\/06\/Autumn-Watercolor-Backgrounds-strip6.jpg&#8220; button_bg_size=&#8220;initial&#8220; button_border_width=&#8220;10px&#8220; button_border_color=&#8220;rgba(65,65,144,0)&#8220; button_border_radius=&#8220;78px&#8220; button_font=&#8220;Rubik|700|||||||&#8220; button_use_icon=&#8220;off&#8220; text_orientation=&#8220;left&#8220; background_layout=&#8220;light&#8220; max_width_last_edited=&#8220;off|desktop&#8220; module_alignment=&#8220;right&#8220; custom_margin=&#8220;-85px|||||&#8220; custom_padding=&#8220;29px|60px|29px|0px|true|&#8220; header_font_size_tablet=&#8220;&#8220; header_font_size_phone=&#8220;30px&#8220; header_font_size_last_edited=&#8220;on|phone&#8220; body_line_height_last_edited=&#8220;off|desktop&#8220; border_radii=&#8220;on|10px|10px|10px|10px&#8220; button_text_color_hover=&#8220;#ffffff&#8220; button_border_radius_hover=&#8220;70px&#8220; button_bg_color_hover=&#8220;#9577ff&#8220; global_colors_info=&#8220;{}&#8220; button_text_size__hover_enabled=&#8220;off&#8220; button_one_text_size__hover_enabled=&#8220;off&#8220; button_two_text_size__hover_enabled=&#8220;off&#8220; button_text_color__hover_enabled=&#8220;on&#8220; button_text_color__hover=&#8220;#ffffff&#8220; button_one_text_color__hover_enabled=&#8220;off&#8220; button_two_text_color__hover_enabled=&#8220;off&#8220; button_border_width__hover_enabled=&#8220;off&#8220; button_one_border_width__hover_enabled=&#8220;off&#8220; button_two_border_width__hover_enabled=&#8220;off&#8220; button_border_color__hover_enabled=&#8220;off&#8220; button_one_border_color__hover_enabled=&#8220;off&#8220; button_two_border_color__hover_enabled=&#8220;off&#8220; button_border_radius__hover_enabled=&#8220;on&#8220; button_border_radius__hover=&#8220;70px&#8220; button_one_border_radius__hover_enabled=&#8220;off&#8220; button_two_border_radius__hover_enabled=&#8220;off&#8220; button_letter_spacing__hover_enabled=&#8220;off&#8220; button_one_letter_spacing__hover_enabled=&#8220;off&#8220; button_two_letter_spacing__hover_enabled=&#8220;off&#8220; button_bg_color__hover_enabled=&#8220;on&#8220; button_bg_color__hover=&#8220;#9577ff&#8220; button_one_bg_color__hover_enabled=&#8220;off&#8220; button_two_bg_color__hover_enabled=&#8220;off&#8220;]<\/p>\n<p style=\"text-align: left;\">L\u00edb\u00ed se v\u00e1m na\u0161e pr\u00e1ce?<\/p>\n<h4 style=\"text-align: left;\"><b><\/b><\/h4>\n<p><b><\/b><\/p>\n<p><b><\/b><\/p>\n<h4 style=\"text-align: left;\"><b>M\u016f\u017eete se k\u00a0n\u00e1m p\u0159idat jako dobrovoln\u00edk:<\/b><\/h4>\n<p style=\"text-align: left;\"><strong><\/strong><\/p>\n<p style=\"text-align: left;\"><strong>&#8211; \u201eBabi\u010dka v\u00a0kuchyni\u201c<\/strong> \u2013 m\u00e1te \u010das a chcete jej n\u011bjak smyslupln\u011b vyu\u017e\u00edt? Ud\u011blat si v\u00fdlet do kr\u00e1sn\u00e9 p\u0159\u00edrody a u\u017e\u00edt si kontakt s\u00a0d\u011btmi? Jednou t\u00fddn\u011b n\u00e1m m\u016f\u017eete p\u0159ijet uva\u0159it.<span class=\"Apple-converted-space\">\u00a0<\/span><\/p>\n<p style=\"text-align: left;\"><strong>&#8211; \u201eAsistent pr\u016fvodce\u201c<\/strong> \u2013 m\u00e1te svou zavedenou pr\u00e1ci a r\u00e1di byste d\u011blali je\u0161t\u011b n\u011bco k\u00a0tomu, co by v\u00e1s bavilo a napl\u0148ovalo? M\u016f\u017eete n\u00e1m v\u011bnovat jeden den sv\u00e9ho \u010dasu. I mu\u017ei jsou v\u00edt\u00e1ni.<\/p>\n<p style=\"text-align: left;\"><strong>&#8211; \u201eIT podpora\u201c<span class=\"Apple-converted-space\">\u00a0<\/span><\/strong><\/p>\n<p style=\"text-align: left;\"><strong>&#8211; Spr\u00e1vce, zahradn\u00edk<\/strong><\/p>\n<h4 style=\"text-align: left;\"><b><\/b><\/h4>\n<h4 style=\"text-align: left;\"><b><\/b><\/h4>\n<h4 style=\"text-align: left;\"><b><\/b><\/h4>\n<h4 style=\"text-align: left;\"><b>Materi\u00e1ln\u00ed podpora<\/b>:<\/h4>\n<p style=\"text-align: left;\">p\u00edsek, d\u0159ev\u011bn\u00e9 fo\u0161ny<\/p>\n<p style=\"text-align: left;\">n\u00e1\u0159ad\u00ed pro d\u011bti<\/p>\n<p style=\"text-align: left;\">pastelky, pap\u00edry, v\u00fdkresy, n\u016f\u017eky, lepidla<\/p>\n<p style=\"text-align: left;\"><b><\/b><\/p>\n<p style=\"text-align: left;\"><b><\/b><\/p>\n<p style=\"text-align: left;\"><b><\/b><\/p>\n<h4 style=\"text-align: left;\"><b>Finan\u010dn\u00ed podpora<\/b>:<\/h4>\n<p style=\"text-align: left;\">M\u016f\u017eete podpo\u0159it i finan\u010dn\u00edm darem, na kter\u00fd v\u00e1m vystav\u00edme Darovac\u00ed smlouvu.<\/p>\n<p style=\"text-align: left;\">Va\u0161e finan\u010dn\u00ed dary vyu\u017eijeme zejm\u00e9na na vzd\u011bl\u00e1v\u00e1n\u00ed pracovn\u00edk\u016f, mzdov\u00e9 n\u00e1klady, p\u0159\u00edpadn\u011b n\u00e1kup materi\u00e1lu. Na form\u011b vyu\u017eit\u00ed se s\u00a0v\u00e1mi r\u00e1di domluv\u00edme.<\/p>\n<p style=\"text-align: left;\">2400407618\/2010 Fio banka, a.s.<\/p>\n<p style=\"text-align: left;\">\n<p style=\"text-align: left;\">\n<p style=\"text-align: left;\">\n<p style=\"text-align: left;\">\n<p style=\"text-align: left;\">\n<p style=\"text-align: left;\">\n<h4><b>Na\u0161i \u010dinnost podpo\u0159ili<\/b>:<\/h4>\n<p>[\/et_pb_cta][\/et_pb_column][\/et_pb_row][et_pb_row column_structure=&#8220;1_4,1_4,1_4,1_4&#8243; _builder_version=&#8220;4.15&#8243; _module_preset=&#8220;default&#8220; custom_margin=&#8220;-155px||||false|false&#8220; global_colors_info=&#8220;{}&#8220;][et_pb_column type=&#8220;1_4&#8243; _builder_version=&#8220;4.15&#8243; _module_preset=&#8220;default&#8220; global_colors_info=&#8220;{}&#8220;][et_pb_gallery gallery_ids=&#8220;1021&#8243; orientation=&#8220;portrait&#8220; show_pagination=&#8220;off&#8220; _builder_version=&#8220;4.15&#8243; _module_preset=&#8220;default&#8220; caption_text_align=&#8220;center&#8220; text_orientation=&#8220;center&#8220; global_colors_info=&#8220;{}&#8220;][\/et_pb_gallery][\/et_pb_column][et_pb_column type=&#8220;1_4&#8243; _builder_version=&#8220;4.15&#8243; _module_preset=&#8220;default&#8220; global_colors_info=&#8220;{}&#8220;][et_pb_gallery gallery_ids=&#8220;1022&#8243; orientation=&#8220;portrait&#8220; show_pagination=&#8220;off&#8220; _builder_version=&#8220;4.15&#8243; _module_preset=&#8220;default&#8220; caption_text_align=&#8220;center&#8220; text_orientation=&#8220;center&#8220; global_colors_info=&#8220;{}&#8220;][\/et_pb_gallery][\/et_pb_column][et_pb_column type=&#8220;1_4&#8243; _builder_version=&#8220;4.15&#8243; _module_preset=&#8220;default&#8220; global_colors_info=&#8220;{}&#8220;][\/et_pb_column][et_pb_column type=&#8220;1_4&#8243; _builder_version=&#8220;4.15&#8243; _module_preset=&#8220;default&#8220; global_colors_info=&#8220;{}&#8220;][\/et_pb_column][\/et_pb_row][\/et_pb_section][et_pb_section fb_built=&#8220;1&#8243; fullwidth=&#8220;on&#8220; _builder_version=&#8220;4.15&#8243; _module_preset=&#8220;default&#8220; global_colors_info=&#8220;{}&#8220;][\/et_pb_section]<\/p>\n","protected":false},"excerpt":{"rendered":"<p>L\u00edb\u00ed se v\u00e1m na\u0161e pr\u00e1ce? M\u016f\u017eete se k\u00a0n\u00e1m p\u0159idat jako dobrovoln\u00edk: &#8211; \u201eBabi\u010dka v\u00a0kuchyni\u201c \u2013 m\u00e1te \u010das a chcete jej n\u011bjak smyslupln\u011b vyu\u017e\u00edt? Ud\u011blat si v\u00fdlet do kr\u00e1sn\u00e9 p\u0159\u00edrody a u\u017e\u00edt si kontakt s\u00a0d\u011btmi? Jednou t\u00fddn\u011b n\u00e1m m\u016f\u017eete p\u0159ijet uva\u0159it.\u00a0 &#8211; \u201eAsistent pr\u016fvodce\u201c \u2013 m\u00e1te svou zavedenou pr\u00e1ci a r\u00e1di byste d\u011blali je\u0161t\u011b n\u011bco k\u00a0tomu, [&hellip;]<\/p>\n","protected":false},"author":1,"featured_media":0,"parent":0,"menu_order":0,"comment_status":"closed","ping_status":"closed","template":"","meta":{"_et_pb_use_builder":"on","_et_pb_old_content":"","_et_gb_content_width":"","footnotes":""},"class_list":["post-856","page","type-page","status-publish","hentry"],"aioseo_notices":[],"_links":{"self":[{"href":"https:\/\/pojdteven.cz\/index.php\/wp-json\/wp\/v2\/pages\/856","targetHints":{"allow":["GET"]}}],"collection":[{"href":"https:\/\/pojdteven.cz\/index.php\/wp-json\/wp\/v2\/pages"}],"about":[{"href":"https:\/\/pojdteven.cz\/index.php\/wp-json\/wp\/v2\/types\/page"}],"author":[{"embeddable":true,"href":"https:\/\/pojdteven.cz\/index.php\/wp-json\/wp\/v2\/users\/1"}],"replies":[{"embeddable":true,"href":"https:\/\/pojdteven.cz\/index.php\/wp-json\/wp\/v2\/comments?post=856"}],"version-history":[{"count":16,"href":"https:\/\/pojdteven.cz\/index.php\/wp-json\/wp\/v2\/pages\/856\/revisions"}],"predecessor-version":[{"id":1059,"href":"https:\/\/pojdteven.cz\/index.php\/wp-json\/wp\/v2\/pages\/856\/revisions\/1059"}],"wp:attachment":[{"href":"https:\/\/pojdteven.cz\/index.php\/wp-json\/wp\/v2\/media?parent=856"}],"curies":[{"name":"wp","href":"https:\/\/api.w.org\/{rel}","templated":true}]}}