{"id":778,"date":"2020-09-11T08:21:42","date_gmt":"2020-09-11T08:21:42","guid":{"rendered":"https:\/\/pojdteven.cz\/?page_id=778"},"modified":"2022-09-23T16:45:24","modified_gmt":"2022-09-23T14:45:24","slug":"prostory-k-pronajmu","status":"publish","type":"page","link":"https:\/\/pojdteven.cz\/index.php\/prostory-k-pronajmu\/","title":{"rendered":"Prostory k pron\u00e1jmu"},"content":{"rendered":"<p>[et_pb_section fb_built=&#8220;1&#8243; fullwidth=&#8220;on&#8220; admin_label=&#8220;Hero&#8220; _builder_version=&#8220;4.11.3&#8243; parallax=&#8220;on&#8220; height=&#8220;316px&#8220; top_divider_style=&#8220;clouds2&#8243; top_divider_color=&#8220;rgba(255,255,255,0.06)&#8220; top_divider_height=&#8220;30%&#8220; global_colors_info=&#8220;{}&#8220;][et_pb_fullwidth_header title=&#8220;JAk to u n\u00e1s vypad\u00e1&#8220; text_orientation=&#8220;center&#8220; _builder_version=&#8220;4.11.3&#8243; title_level=&#8220;h2&#8243; title_font=&#8220;|700||on|||||&#8220; title_text_color=&#8220;#ffffff&#8220; title_font_size=&#8220;16px&#8220; title_letter_spacing=&#8220;5px&#8220; title_line_height=&#8220;2em&#8220; content_font=&#8220;Rubik||||||||&#8220; content_font_size=&#8220;18px&#8220; content_line_height=&#8220;2em&#8220; subhead_font=&#8220;Cabin Sketch|700|||||||&#8220; subhead_font_size=&#8220;60px&#8220; subhead_line_height=&#8220;1.4em&#8220; background_color=&#8220;#ff7355&#8243; background_image=&#8220;https:\/\/pojdteven.cz\/wp-content\/uploads\/2020\/09\/DSC_34932-scaled.jpg&#8220; parallax=&#8220;on&#8220; custom_button_one=&#8220;on&#8220; button_one_text_size=&#8220;16px&#8220; button_one_text_color=&#8220;#ffffff&#8220; button_one_bg_color=&#8220;#ff7355&#8243; button_one_border_width=&#8220;15px&#8220; button_one_border_color=&#8220;rgba(210,159,104,0)&#8220; button_one_border_radius=&#8220;100px&#8220; button_one_letter_spacing=&#8220;0px&#8220; button_one_font=&#8220;Rubik|700|||||||&#8220; button_one_use_icon=&#8220;off&#8220; custom_button_two=&#8220;on&#8220; button_two_text_size=&#8220;16px&#8220; button_two_text_color=&#8220;#ffffff&#8220; button_two_bg_color=&#8220;rgba(0,0,0,0.6)&#8220; button_two_border_width=&#8220;15px&#8220; button_two_border_color=&#8220;rgba(210,159,104,0)&#8220; button_two_border_radius=&#8220;100px&#8220; button_two_letter_spacing=&#8220;0px&#8220; button_two_font=&#8220;Rubik|700|||||||&#8220; button_two_use_icon=&#8220;off&#8220; custom_margin=&#8220;||60px|||&#8220; custom_padding=&#8220;6vw||4vw|||&#8220; animation_style=&#8220;slide&#8220; animation_direction=&#8220;bottom&#8220; animation_intensity_slide=&#8220;1%&#8220; hover_enabled=&#8220;0&#8243; content_font_size_tablet=&#8220;&#8220; content_font_size_phone=&#8220;16px&#8220; content_font_size_last_edited=&#8220;on|phone&#8220; subhead_font_size_tablet=&#8220;&#8220; subhead_font_size_phone=&#8220;30px&#8220; subhead_font_size_last_edited=&#8220;on|phone&#8220; box_shadow_style=&#8220;preset6&#8243; box_shadow_vertical=&#8220;-10px&#8220; box_shadow_color=&#8220;rgba(0,0,0,0.2)&#8220; button_one_border_radius_hover=&#8220;100px&#8220; button_two_border_radius_hover=&#8220;100px&#8220; button_one_bg_color_hover=&#8220;#ff8a70&#8243; button_two_bg_color_hover=&#8220;#ff8a70&#8243; global_colors_info=&#8220;{}&#8220; button_one_text_size__hover_enabled=&#8220;off&#8220; button_two_text_size__hover_enabled=&#8220;off&#8220; button_one_text_color__hover_enabled=&#8220;off&#8220; button_two_text_color__hover_enabled=&#8220;off&#8220; button_one_border_width__hover_enabled=&#8220;off&#8220; button_two_border_width__hover_enabled=&#8220;off&#8220; button_one_border_color__hover_enabled=&#8220;off&#8220; button_two_border_color__hover_enabled=&#8220;off&#8220; button_one_border_radius__hover_enabled=&#8220;on&#8220; button_one_border_radius__hover=&#8220;100px&#8220; button_two_border_radius__hover_enabled=&#8220;on&#8220; button_two_border_radius__hover=&#8220;100px&#8220; button_one_letter_spacing__hover_enabled=&#8220;off&#8220; button_two_letter_spacing__hover_enabled=&#8220;off&#8220; button_one_bg_color__hover_enabled=&#8220;on&#8220; button_one_bg_color__hover=&#8220;#ff8a70&#8243; button_two_bg_color__hover_enabled=&#8220;on&#8220; button_two_bg_color__hover=&#8220;#ff8a70&#8243; sticky_enabled=&#8220;0&#8243;][\/et_pb_fullwidth_header][\/et_pb_section][et_pb_section fb_built=&#8220;1&#8243; specialty=&#8220;on&#8220; admin_label=&#8220;Section&#8220; _builder_version=&#8220;4.11.3&#8243; inner_width=&#8220;90%&#8220; inner_max_width=&#8220;90%&#8220; custom_margin=&#8220;|||&#8220; custom_padding=&#8220;54px|0|100px|0px|false|false&#8220; use_custom_width=&#8220;on&#8220; width_unit=&#8220;off&#8220; custom_width_percent=&#8220;90%&#8220; global_colors_info=&#8220;{}&#8220;][et_pb_column type=&#8220;1_4&#8243; _builder_version=&#8220;3.25&#8243; custom_padding=&#8220;|||&#8220; global_colors_info=&#8220;{}&#8220; custom_padding__hover=&#8220;|||&#8220;][et_pb_blurb title=&#8220;LDK poj\u010fte ven, z.s.&#8220; _builder_version=&#8220;4.11.3&#8243; header_font=&#8220;Rubik|700||on|||||&#8220; header_font_size=&#8220;12px&#8220; header_letter_spacing=&#8220;3px&#8220; header_line_height=&#8220;1.5em&#8220; body_font=&#8220;Cambay||||||||&#8220; body_font_size=&#8220;12px&#8220; body_line_height=&#8220;2em&#8220; background_color=&#8220;#ffffff&#8220; custom_margin=&#8220;|||&#8220; custom_padding=&#8220;14px|20px|14px|20px|true|true&#8220; animation_style=&#8220;zoom&#8220; animation_intensity_zoom=&#8220;10%&#8220; border_radii=&#8220;on|10px|10px|10px|10px&#8220; box_shadow_style=&#8220;preset3&#8243; locked=&#8220;off&#8220; global_colors_info=&#8220;{}&#8220;][\/et_pb_blurb][\/et_pb_column][et_pb_column type=&#8220;1_2&#8243; specialty_columns=&#8220;2&#8243; _builder_version=&#8220;3.25&#8243; custom_padding=&#8220;|||&#8220; global_colors_info=&#8220;{}&#8220; custom_padding__hover=&#8220;|||&#8220;][et_pb_row_inner _builder_version=&#8220;4.11.3&#8243; custom_padding=&#8220;25.1px|0px|0|0px|false|false&#8220; global_colors_info=&#8220;{}&#8220;][et_pb_column_inner saved_specialty_column_type=&#8220;1_2&#8243; _builder_version=&#8220;3.25&#8243; custom_padding=&#8220;|||&#8220; global_colors_info=&#8220;{}&#8220; custom_padding__hover=&#8220;|||&#8220;][et_pb_text _builder_version=&#8220;4.5.1&#8243; text_font=&#8220;Georgia||||||||&#8220; text_line_height=&#8220;2em&#8220; header_font=&#8220;||||||||&#8220; header_2_font=&#8220;Rubik|700||on|||||&#8220; header_2_font_size=&#8220;12px&#8220; header_2_letter_spacing=&#8220;3px&#8220; header_2_line_height=&#8220;1.5em&#8220; header_5_font=&#8220;Rubik|700||on|||||&#8220; header_5_text_color=&#8220;#2b76df&#8220; header_5_letter_spacing=&#8220;5px&#8220; header_5_line_height=&#8220;1.5em&#8220; module_alignment=&#8220;center&#8220; min_height=&#8220;238px&#8220; custom_margin=&#8220;0px||0px||false|false&#8220; custom_margin_tablet=&#8220;0px|||&#8220; custom_margin_last_edited=&#8220;off|desktop&#8220; custom_padding=&#8220;0px||0px|||&#8220; text_line_height_last_edited=&#8220;off|desktop&#8220; locked=&#8220;off&#8220; global_colors_info=&#8220;{}&#8220;]<\/p>\n<h1><\/h1>\n<p><strong>Lesn\u00ed d\u011btsk\u00fd klub m\u00e1 z\u00e1zem\u00ed ve zd\u011bn\u00e9 budov\u011b.<\/strong>\u00a0\u00a0<\/p>\n<p><strong>Vnit\u0159n\u00ed prostory<\/strong>: kuchy\u0148, dvakr\u00e1t toaleta, dv\u011b m\u00edstnosti.<\/p>\n<p><strong>Venkovn\u00ed prostory<\/strong>: p\u0159\u00edst\u0159e\u0161ek se stolem a lavicemi (vhodn\u00fd sp\u00ed\u0161e pro d\u011bti), prostor p\u0159ed kuchyn\u00ed pod krytou pergolou, p\u00edskovi\u0161t\u011b, lanovi\u0161t\u011b, a nedalek\u00e1 travnat\u00e1 pl\u00e1\u017e.<span class=\"Apple-converted-space\">\u00a0<\/span><\/p>\n<p>Pl\u00e1\u017e je kr\u00e1sn\u00fd venkovn\u00ed prostor u p\u0159ehrady. U vstupu na pl\u00e1\u017e je pramen vody, na pl\u00e1\u017ei je ohni\u0161t\u011b s\u00a0posezen\u00edm, stromov\u00fd alt\u00e1n, houpa\u010dky, lanovi\u0161t\u011b pro d\u011bti, \u201ehobit\u00ed nora\u201c, plovouc\u00ed molo a t\u00fdp\u00ed s\u00a0ohni\u0161t\u011bm. V\u00a0p\u0159ehrad\u011b je mo\u017en\u00e9 se koupat a plavit na \u010dlunech.<\/p>\n<p>Lesn\u00ed d\u011btsk\u00fd klub se nach\u00e1z\u00ed v\u00a0chatov\u00e9 oblasti p\u0159\u00edmo u lesa. V\u00a0okol\u00ed jsou pastviny a hv\u011bzd\u00e1rna.<span class=\"Apple-converted-space\">\u00a0<\/span><\/p>\n<p>[\/et_pb_text][\/et_pb_column_inner][\/et_pb_row_inner][et_pb_row_inner _builder_version=&#8220;3.25&#8243; global_colors_info=&#8220;{}&#8220;][et_pb_column_inner saved_specialty_column_type=&#8220;1_2&#8243; _builder_version=&#8220;3.25&#8243; custom_padding=&#8220;|||&#8220; global_colors_info=&#8220;{}&#8220; custom_padding__hover=&#8220;|||&#8220;][et_pb_text _builder_version=&#8220;4.5.1&#8243; text_font=&#8220;Rubik||||||||&#8220; text_line_height=&#8220;2em&#8220; header_font=&#8220;||||||||&#8220; header_2_font=&#8220;Rubik|700||on|||||&#8220; header_2_font_size=&#8220;12px&#8220; header_2_letter_spacing=&#8220;3px&#8220; header_2_line_height=&#8220;1.5em&#8220; header_5_font=&#8220;Rubik|700||on|||||&#8220; header_5_text_color=&#8220;#2b76df&#8220; header_5_letter_spacing=&#8220;5px&#8220; header_5_line_height=&#8220;1.5em&#8220; module_alignment=&#8220;center&#8220; custom_margin=&#8220;0px||0px||false&#8220; custom_margin_tablet=&#8220;0px|||&#8220; custom_margin_last_edited=&#8220;off|desktop&#8220; text_line_height_last_edited=&#8220;off|desktop&#8220; locked=&#8220;off&#8220; global_colors_info=&#8220;{}&#8220;][\/et_pb_text][et_pb_text _builder_version=&#8220;4.5.1&#8243; text_font=&#8220;Georgia||||||||&#8220; global_colors_info=&#8220;{}&#8220;]<\/p>\n<p>&nbsp;<\/p>\n<p>&nbsp;<\/p>\n<p>[\/et_pb_text][et_pb_text _builder_version=&#8220;4.5.1&#8243; text_font=&#8220;Rubik||||||||&#8220; text_line_height=&#8220;2em&#8220; header_font=&#8220;||||||||&#8220; header_2_font=&#8220;Rubik|700||on|||||&#8220; header_2_font_size=&#8220;12px&#8220; header_2_letter_spacing=&#8220;3px&#8220; header_2_line_height=&#8220;1.5em&#8220; header_5_font=&#8220;Rubik|700||on|||||&#8220; header_5_text_color=&#8220;#2b76df&#8220; header_5_letter_spacing=&#8220;5px&#8220; header_5_line_height=&#8220;1.5em&#8220; module_alignment=&#8220;center&#8220; custom_margin=&#8220;0px||0px||false&#8220; custom_margin_tablet=&#8220;0px|||&#8220; custom_margin_last_edited=&#8220;off|desktop&#8220; text_line_height_last_edited=&#8220;off|desktop&#8220; locked=&#8220;off&#8220; global_colors_info=&#8220;{}&#8220;]<\/p>\n<h1>Fotky na\u0161ich prostor<\/h1>\n<p>[\/et_pb_text][et_pb_gallery gallery_ids=&#8220;417,408,392,381,112,90,867,89,95,64,909,908&#8243; show_title_and_caption=&#8220;off&#8220; _builder_version=&#8220;4.5.1&#8243; custom_margin=&#8220;10px|||||&#8220; global_colors_info=&#8220;{}&#8220;][\/et_pb_gallery][\/et_pb_column_inner][\/et_pb_row_inner][\/et_pb_column][et_pb_column type=&#8220;1_4&#8243; _builder_version=&#8220;3.25&#8243; custom_padding=&#8220;|||&#8220; global_colors_info=&#8220;{}&#8220; custom_padding__hover=&#8220;|||&#8220;][\/et_pb_column][\/et_pb_section]<\/p>\n","protected":false},"excerpt":{"rendered":"<p>Lesn\u00ed d\u011btsk\u00fd klub m\u00e1 z\u00e1zem\u00ed ve zd\u011bn\u00e9 budov\u011b.\u00a0\u00a0 Vnit\u0159n\u00ed prostory: kuchy\u0148, dvakr\u00e1t toaleta, dv\u011b m\u00edstnosti. Venkovn\u00ed prostory: p\u0159\u00edst\u0159e\u0161ek se stolem a lavicemi (vhodn\u00fd sp\u00ed\u0161e pro d\u011bti), prostor p\u0159ed kuchyn\u00ed pod krytou pergolou, p\u00edskovi\u0161t\u011b, lanovi\u0161t\u011b, a nedalek\u00e1 travnat\u00e1 pl\u00e1\u017e.\u00a0 Pl\u00e1\u017e je kr\u00e1sn\u00fd venkovn\u00ed prostor u p\u0159ehrady. U vstupu na pl\u00e1\u017e je pramen vody, na pl\u00e1\u017ei je [&hellip;]<\/p>\n","protected":false},"author":1,"featured_media":0,"parent":0,"menu_order":0,"comment_status":"closed","ping_status":"closed","template":"","meta":{"_et_pb_use_builder":"on","_et_pb_old_content":"","_et_gb_content_width":"","footnotes":""},"class_list":["post-778","page","type-page","status-publish","hentry"],"aioseo_notices":[],"_links":{"self":[{"href":"https:\/\/pojdteven.cz\/index.php\/wp-json\/wp\/v2\/pages\/778","targetHints":{"allow":["GET"]}}],"collection":[{"href":"https:\/\/pojdteven.cz\/index.php\/wp-json\/wp\/v2\/pages"}],"about":[{"href":"https:\/\/pojdteven.cz\/index.php\/wp-json\/wp\/v2\/types\/page"}],"author":[{"embeddable":true,"href":"https:\/\/pojdteven.cz\/index.php\/wp-json\/wp\/v2\/users\/1"}],"replies":[{"embeddable":true,"href":"https:\/\/pojdteven.cz\/index.php\/wp-json\/wp\/v2\/comments?post=778"}],"version-history":[{"count":10,"href":"https:\/\/pojdteven.cz\/index.php\/wp-json\/wp\/v2\/pages\/778\/revisions"}],"predecessor-version":[{"id":1123,"href":"https:\/\/pojdteven.cz\/index.php\/wp-json\/wp\/v2\/pages\/778\/revisions\/1123"}],"wp:attachment":[{"href":"https:\/\/pojdteven.cz\/index.php\/wp-json\/wp\/v2\/media?parent=778"}],"curies":[{"name":"wp","href":"https:\/\/api.w.org\/{rel}","templated":true}]}}