{"id":683,"date":"2020-07-23T19:47:34","date_gmt":"2020-07-23T19:47:34","guid":{"rendered":"https:\/\/pojdteven.cz\/index.php\/udalosti\/mista-konani\/"},"modified":"2020-07-23T19:47:34","modified_gmt":"2020-07-23T19:47:34","slug":"mista-konani","status":"publish","type":"page","link":"https:\/\/pojdteven.cz\/index.php\/udalosti\/mista-konani\/","title":{"rendered":"M\u00edsta kon\u00e1n\u00ed"},"content":{"rendered":"<p>CONTENTS<\/p>\n","protected":false},"excerpt":{"rendered":"<p>CONTENTS<\/p>\n","protected":false},"author":1,"featured_media":0,"parent":682,"menu_order":0,"comment_status":"closed","ping_status":"open","template":"","meta":{"_et_pb_use_builder":"","_et_pb_old_content":"","_et_gb_content_width":"","footnotes":""},"class_list":["post-683","page","type-page","status-publish","hentry"],"aioseo_notices":[],"_links":{"self":[{"href":"https:\/\/pojdteven.cz\/index.php\/wp-json\/wp\/v2\/pages\/683","targetHints":{"allow":["GET"]}}],"collection":[{"href":"https:\/\/pojdteven.cz\/index.php\/wp-json\/wp\/v2\/pages"}],"about":[{"href":"https:\/\/pojdteven.cz\/index.php\/wp-json\/wp\/v2\/types\/page"}],"author":[{"embeddable":true,"href":"https:\/\/pojdteven.cz\/index.php\/wp-json\/wp\/v2\/users\/1"}],"replies":[{"embeddable":true,"href":"https:\/\/pojdteven.cz\/index.php\/wp-json\/wp\/v2\/comments?post=683"}],"version-history":[{"count":0,"href":"https:\/\/pojdteven.cz\/index.php\/wp-json\/wp\/v2\/pages\/683\/revisions"}],"up":[{"embeddable":true,"href":"https:\/\/pojdteven.cz\/index.php\/wp-json\/wp\/v2\/pages\/682"}],"wp:attachment":[{"href":"https:\/\/pojdteven.cz\/index.php\/wp-json\/wp\/v2\/media?parent=683"}],"curies":[{"name":"wp","href":"https:\/\/api.w.org\/{rel}","templated":true}]}}