{"id":269,"date":"2020-06-17T12:24:47","date_gmt":"2020-06-17T12:24:47","guid":{"rendered":"https:\/\/pojdteven.cz\/?page_id=269"},"modified":"2024-07-03T20:33:10","modified_gmt":"2024-07-03T18:33:10","slug":"clenska-sekce","status":"publish","type":"page","link":"https:\/\/pojdteven.cz\/index.php\/clenska-sekce\/","title":{"rendered":"\u010clensk\u00e1 sekce"},"content":{"rendered":"<p>[et_pb_section fb_built=&#8220;1&#8243; admin_label=&#8220;Admissions&#8220; _builder_version=&#8220;4.16&#8243; use_background_color_gradient=&#8220;on&#8220; background_color_gradient_stops=&#8220;rgba(255,255,255,0.87) 0%|rgba(255,255,255,0.87) 100%&#8220; background_color_gradient_overlays_image=&#8220;on&#8220; background_color_gradient_start=&#8220;rgba(255,255,255,0.87)&#8220; background_color_gradient_end=&#8220;rgba(255,255,255,0.87)&#8220; background_enable_image=&#8220;off&#8220; height=&#8220;616px&#8220; custom_padding=&#8220;|||&#8220; global_colors_info=&#8220;{}&#8220;][et_pb_row column_structure=&#8220;1_2,1_2&#8243; _builder_version=&#8220;4.16&#8243; custom_margin=&#8220;|auto|31px|auto||&#8220; global_colors_info=&#8220;{}&#8220;][et_pb_column type=&#8220;1_2&#8243; _builder_version=&#8220;4.16&#8243; custom_padding=&#8220;|||&#8220; global_colors_info=&#8220;{}&#8220; custom_padding__hover=&#8220;|||&#8220;][et_pb_text _builder_version=&#8220;4.16&#8243; text_font=&#8220;Cambay|500|||||||&#8220; text_font_size=&#8220;16px&#8220; text_line_height=&#8220;2em&#8220; header_font=&#8220;Georgia||||||||&#8220; header_2_font=&#8220;||||||||&#8220; header_2_font_size=&#8220;40px&#8220; header_2_line_height=&#8220;1.4em&#8220; header_5_font=&#8220;Cabin Sketch|700||on|||||&#8220; header_5_text_color=&#8220;#e09900&#8243; header_5_letter_spacing=&#8220;5px&#8220; header_5_line_height=&#8220;1.5em&#8220; max_width=&#8220;700px&#8220; module_alignment=&#8220;center&#8220; custom_margin=&#8220;|||&#8220; custom_margin_tablet=&#8220;0px|||&#8220; custom_margin_last_edited=&#8220;off|desktop&#8220; text_line_height_last_edited=&#8220;off|desktop&#8220; header_2_font_size_tablet=&#8220;&#8220; header_2_font_size_phone=&#8220;30px&#8220; header_2_font_size_last_edited=&#8220;on|phone&#8220; locked=&#8220;off&#8220; global_colors_info=&#8220;{}&#8220;]<\/p>\n<h5>A jste tu!<\/h5>\n<h2><span>V\u00edtejte v \u010dlensk\u00e9 sekci Lesn\u00edho d\u011btsk\u00e9ho klubu Poj\u010fte ven<\/span><\/h2>\n<div>K dispozici v\u00e1m tu jsou u\u017eite\u010dn\u00e9 dokumenty, kter\u00e9 jsou ned\u00edlnou sou\u010d\u00e1st\u00ed na\u0161\u00ed pr\u00e1ce.<\/div>\n<p>[\/et_pb_text][et_pb_blurb title=&#8220;Telefon&#8220; use_icon=&#8220;on&#8220; font_icon=&#8220;&#xe090;||divi||400&#8243; image_icon_background_color=&#8220;#ffffff&#8220; icon_placement=&#8220;left&#8220; image_icon_width=&#8220;24px&#8220; _builder_version=&#8220;4.25.2&#8243; header_font=&#8220;Rubik|700||on|||||&#8220; header_font_size=&#8220;12px&#8220; header_letter_spacing=&#8220;3px&#8220; header_line_height=&#8220;1.2em&#8220; body_font=&#8220;Rubik||||||||&#8220; body_text_color=&#8220;#e09900&#8243; image_icon_custom_padding=&#8220;8px|8px|8px|8px|false|false&#8220; animation_style=&#8220;zoom&#8220; animation=&#8220;off&#8220; border_radii_image=&#8220;on|100%|100%|100%|100%&#8220; border_width_all_image=&#8220;2px&#8220; border_color_all_image=&#8220;#ffffff&#8220; icon_font_size=&#8220;24px&#8220; use_circle=&#8220;on&#8220; use_circle_border=&#8220;on&#8220; circle_border_color=&#8220;#ffffff&#8220; circle_color=&#8220;#ffffff&#8220; locked=&#8220;off&#8220; global_colors_info=&#8220;{}&#8220; image_icon_background_color__sticky_enabled=&#8220;#7EBEC5&#8243; image_icon_background_color__sticky=&#8220;#7EBEC5&#8243;]<\/p>\n<p>+420 <span>608 344 710<\/span><\/p>\n<p>[\/et_pb_blurb][et_pb_blurb title=&#8220;E-mail&#8220; use_icon=&#8220;on&#8220; font_icon=&#8220;&#xe076;||divi||400&#8243; image_icon_background_color=&#8220;#ffffff&#8220; icon_placement=&#8220;left&#8220; image_icon_width=&#8220;24px&#8220; _builder_version=&#8220;4.16&#8243; header_font=&#8220;Rubik|700||on|||||&#8220; header_font_size=&#8220;12px&#8220; header_letter_spacing=&#8220;3px&#8220; header_line_height=&#8220;1.2em&#8220; body_font=&#8220;Rubik||||||||&#8220; body_text_color=&#8220;#e09900&#8243; image_icon_custom_padding=&#8220;8px|8px|8px|8px|false|false&#8220; animation_style=&#8220;zoom&#8220; animation=&#8220;off&#8220; border_radii_image=&#8220;on|100%|100%|100%|100%&#8220; border_width_all_image=&#8220;2px&#8220; border_color_all_image=&#8220;#ffffff&#8220; icon_font_size=&#8220;24px&#8220; use_circle=&#8220;on&#8220; use_circle_border=&#8220;on&#8220; circle_border_color=&#8220;#ffffff&#8220; circle_color=&#8220;#ffffff&#8220; global_colors_info=&#8220;{}&#8220; image_icon_background_color__sticky_enabled=&#8220;#7EBEC5&#8243; image_icon_background_color__sticky=&#8220;#7EBEC5&#8243;]<\/p>\n<p><span><a href=\"mailto:pojdteven@gmail.com\">pojdteven@gmail.com<\/a><\/span><\/p>\n<p>[\/et_pb_blurb][\/et_pb_column][et_pb_column type=&#8220;1_2&#8243; _builder_version=&#8220;4.16&#8243; custom_padding=&#8220;|||&#8220; global_colors_info=&#8220;{}&#8220; custom_padding__hover=&#8220;|||&#8220;][et_pb_image src=&#8220;https:\/\/pojdteven.cz\/wp-content\/uploads\/2020\/10\/DSCF4087-1.jpg&#8220; title_text=&#8220;DSCF4087&#8243; _builder_version=&#8220;4.16&#8243; _module_preset=&#8220;default&#8220; custom_margin=&#8220;-9px||||false|false&#8220; animation_style=&#8220;slide&#8220; animation_direction=&#8220;right&#8220; global_colors_info=&#8220;{}&#8220;][\/et_pb_image][\/et_pb_column][\/et_pb_row][\/et_pb_section][et_pb_section fb_built=&#8220;1&#8243; _builder_version=&#8220;4.16&#8243; custom_padding=&#8220;1px||3px|||&#8220; global_colors_info=&#8220;{}&#8220;][et_pb_row _builder_version=&#8220;4.16&#8243; global_colors_info=&#8220;{}&#8220;][et_pb_column type=&#8220;4_4&#8243; _builder_version=&#8220;4.16&#8243; custom_padding=&#8220;|||&#8220; global_colors_info=&#8220;{}&#8220; custom_padding__hover=&#8220;|||&#8220;][et_pb_text _builder_version=&#8220;4.16&#8243; text_font=&#8220;Cambay|500|||||||&#8220; text_font_size=&#8220;16px&#8220; text_line_height=&#8220;2em&#8220; header_font=&#8220;Georgia||||||||&#8220; header_2_font=&#8220;Georgia||||||||&#8220; header_2_font_size=&#8220;40px&#8220; header_2_line_height=&#8220;1.4em&#8220; header_5_font=&#8220;Cabin Sketch|700||on|||||&#8220; header_5_text_color=&#8220;#c88bda&#8220; header_5_letter_spacing=&#8220;5px&#8220; header_5_line_height=&#8220;1.5em&#8220; text_orientation=&#8220;center&#8220; max_width=&#8220;700px&#8220; module_alignment=&#8220;center&#8220; custom_margin=&#8220;37px|||||&#8220; custom_margin_tablet=&#8220;0px|||&#8220; custom_margin_last_edited=&#8220;off|desktop&#8220; text_line_height_last_edited=&#8220;off|desktop&#8220; header_2_font_size_tablet=&#8220;&#8220; header_2_font_size_phone=&#8220;30px&#8220; header_2_font_size_last_edited=&#8220;on|phone&#8220; text_text_align=&#8220;center&#8220; locked=&#8220;off&#8220; global_colors_info=&#8220;{}&#8220;]<\/p>\n<h2>Dokumenty ke sta\u017een\u00ed<\/h2>\n<p>&nbsp;<\/p>\n<p>[\/et_pb_text][\/et_pb_column][\/et_pb_row][\/et_pb_section][et_pb_section fb_built=&#8220;1&#8243; _builder_version=&#8220;4.16&#8243; custom_padding=&#8220;1px||87px|||&#8220; global_colors_info=&#8220;{}&#8220;][et_pb_row column_structure=&#8220;1_3,1_3,1_3&#8243; _builder_version=&#8220;4.16&#8243; global_colors_info=&#8220;{}&#8220;][et_pb_column type=&#8220;1_3&#8243; _builder_version=&#8220;4.16&#8243; custom_padding=&#8220;|||&#8220; global_colors_info=&#8220;{}&#8220; custom_padding__hover=&#8220;|||&#8220;][et_pb_blurb title=&#8220;Desatero p\u0159ed\u0161kol\u00e1ka&#8220; url=&#8220;https:\/\/pojdteven.cz\/wp-content\/uploads\/2020\/10\/Desatero-predskolaka.jpg&#8220; url_new_window=&#8220;on&#8220; use_icon=&#8220;on&#8220; font_icon=&#8220;&#x6c;||divi||400&#8243; icon_color=&#8220;#f0b800&#8243; image_icon_width=&#8220;37px&#8220; _builder_version=&#8220;4.16&#8243; text_orientation=&#8220;center&#8220; icon_font_size=&#8220;37px&#8220; global_colors_info=&#8220;{}&#8220;][\/et_pb_blurb][\/et_pb_column][et_pb_column type=&#8220;1_3&#8243; _builder_version=&#8220;4.16&#8243; custom_padding=&#8220;|||&#8220; global_colors_info=&#8220;{}&#8220; custom_padding__hover=&#8220;|||&#8220;][et_pb_blurb title=&#8220;Provozn\u00ed \u0159\u00e1d LDK&#8220; url=&#8220;https:\/\/pojdteven.cz\/wp-content\/uploads\/2020\/09\/Provozni-rad-LDK-POJDTE-VEN-od-1.9.2020.pdf&#8220; url_new_window=&#8220;on&#8220; use_icon=&#8220;on&#8220; font_icon=&#8220;&#x6c;||divi||400&#8243; icon_color=&#8220;#e01f45&#8243; image_icon_width=&#8220;37px&#8220; _builder_version=&#8220;4.16&#8243; text_orientation=&#8220;center&#8220; link_option_url_new_window=&#8220;on&#8220; icon_font_size=&#8220;37px&#8220; global_colors_info=&#8220;{}&#8220;][\/et_pb_blurb][\/et_pb_column][et_pb_column type=&#8220;1_3&#8243; _builder_version=&#8220;4.16&#8243; custom_padding=&#8220;|||&#8220; global_colors_info=&#8220;{}&#8220; custom_padding__hover=&#8220;|||&#8220;][et_pb_blurb title=&#8220;Smlouva o doch\u00e1zce d\u00edt\u011bte&#8220; url=&#8220;https:\/\/pojdteven.cz\/wp-content\/uploads\/2020\/09\/Smlouva-o-dochazce-ditete.pdf&#8220; url_new_window=&#8220;on&#8220; use_icon=&#8220;on&#8220; font_icon=&#8220;&#x6c;||divi||400&#8243; icon_color=&#8220;#aadb24&#8243; image_icon_width=&#8220;37px&#8220; _builder_version=&#8220;4.16&#8243; text_orientation=&#8220;center&#8220; link_option_url_new_window=&#8220;on&#8220; icon_font_size=&#8220;37px&#8220; global_colors_info=&#8220;{}&#8220;][\/et_pb_blurb][\/et_pb_column][\/et_pb_row][et_pb_row column_structure=&#8220;1_3,1_3,1_3&#8243; _builder_version=&#8220;4.16&#8243; global_colors_info=&#8220;{}&#8220;][et_pb_column type=&#8220;1_3&#8243; _builder_version=&#8220;4.16&#8243; custom_padding=&#8220;|||&#8220; global_colors_info=&#8220;{}&#8220; custom_padding__hover=&#8220;|||&#8220;][et_pb_blurb title=&#8220;\u0160koln\u00ed vzd\u011bl\u00e1vac\u00ed program&#8220; url=&#8220;https:\/\/pojdteven.cz\/wp-content\/uploads\/2020\/10\/SKOLNI-VZDELAVACI-PROGRAM-duben-2020.pdf&#8220; url_new_window=&#8220;on&#8220; use_icon=&#8220;on&#8220; font_icon=&#8220;&#x6c;||divi||400&#8243; icon_color=&#8220;#fc9569&#8243; image_icon_width=&#8220;37px&#8220; _builder_version=&#8220;4.16&#8243; text_orientation=&#8220;center&#8220; link_option_url_new_window=&#8220;on&#8220; icon_font_size=&#8220;37px&#8220; global_colors_info=&#8220;{}&#8220;][\/et_pb_blurb][\/et_pb_column][et_pb_column type=&#8220;1_3&#8243; _builder_version=&#8220;4.16&#8243; custom_padding=&#8220;|||&#8220; global_colors_info=&#8220;{}&#8220; custom_padding__hover=&#8220;|||&#8220;][et_pb_blurb title=&#8220;Pravidla&#8220; url=&#8220;https:\/\/pojdteven.cz\/wp-content\/uploads\/2020\/10\/Pravidla.pdf&#8220; url_new_window=&#8220;on&#8220; use_icon=&#8220;on&#8220; font_icon=&#8220;&#x6c;||divi||400&#8243; icon_color=&#8220;#c88bda&#8220; image_icon_width=&#8220;37px&#8220; _builder_version=&#8220;4.16&#8243; text_orientation=&#8220;center&#8220; link_option_url_new_window=&#8220;on&#8220; icon_font_size=&#8220;37px&#8220; global_colors_info=&#8220;{}&#8220;][\/et_pb_blurb][\/et_pb_column][et_pb_column type=&#8220;1_3&#8243; _builder_version=&#8220;4.16&#8243; custom_padding=&#8220;|||&#8220; global_colors_info=&#8220;{}&#8220; custom_padding__hover=&#8220;|||&#8220;][\/et_pb_column][\/et_pb_row][\/et_pb_section]<\/p>\n","protected":false},"excerpt":{"rendered":"<p>A jste tu! V\u00edtejte v \u010dlensk\u00e9 sekci Lesn\u00edho d\u011btsk\u00e9ho klubu Poj\u010fte ven K dispozici v\u00e1m tu jsou u\u017eite\u010dn\u00e9 dokumenty, kter\u00e9 jsou ned\u00edlnou sou\u010d\u00e1st\u00ed na\u0161\u00ed pr\u00e1ce.+420 608 344 710pojdteven@gmail.comDokumenty ke sta\u017een\u00ed &nbsp;<\/p>\n","protected":false},"author":1,"featured_media":0,"parent":0,"menu_order":0,"comment_status":"closed","ping_status":"closed","template":"","meta":{"_et_pb_use_builder":"on","_et_pb_old_content":"","_et_gb_content_width":"","footnotes":""},"class_list":["post-269","page","type-page","status-publish","hentry"],"aioseo_notices":[],"_links":{"self":[{"href":"https:\/\/pojdteven.cz\/index.php\/wp-json\/wp\/v2\/pages\/269","targetHints":{"allow":["GET"]}}],"collection":[{"href":"https:\/\/pojdteven.cz\/index.php\/wp-json\/wp\/v2\/pages"}],"about":[{"href":"https:\/\/pojdteven.cz\/index.php\/wp-json\/wp\/v2\/types\/page"}],"author":[{"embeddable":true,"href":"https:\/\/pojdteven.cz\/index.php\/wp-json\/wp\/v2\/users\/1"}],"replies":[{"embeddable":true,"href":"https:\/\/pojdteven.cz\/index.php\/wp-json\/wp\/v2\/comments?post=269"}],"version-history":[{"count":30,"href":"https:\/\/pojdteven.cz\/index.php\/wp-json\/wp\/v2\/pages\/269\/revisions"}],"predecessor-version":[{"id":1310,"href":"https:\/\/pojdteven.cz\/index.php\/wp-json\/wp\/v2\/pages\/269\/revisions\/1310"}],"wp:attachment":[{"href":"https:\/\/pojdteven.cz\/index.php\/wp-json\/wp\/v2\/media?parent=269"}],"curies":[{"name":"wp","href":"https:\/\/api.w.org\/{rel}","templated":true}]}}